{"id":1375,"date":"2016-11-17T08:18:48","date_gmt":"2016-11-17T08:18:48","guid":{"rendered":"http:\/\/localhost\/donald\/?page_id=1375"},"modified":"2019-01-08T16:10:48","modified_gmt":"2019-01-08T15:10:48","slug":"our-services","status":"publish","type":"page","link":"https:\/\/dupre-toitures.fr\/index.php\/our-services\/","title":{"rendered":"Prestations"},"content":{"rendered":"<p>[vc_row fullwidth=\u00a0\u00bbyes\u00a0\u00bb boxed=\u00a0\u00bbtrue\u00a0\u00bb css=\u00a0\u00bb.vc_custom_1479376092689{padding-bottom: 50px !important;}\u00a0\u00bb][vc_column]\n\t\n    <article class=\"services-post\">\n\t\t<div class=\"col-md-5 bg-image bg-image-post\" style=\"background-image: url(https:\/\/dupre-toitures.fr\/wp-content\/uploads\/2018\/12\/koeberle.jpeg);\">\n\t\t\t<img decoding=\"async\" src=\"https:\/\/dupre-toitures.fr\/wp-content\/uploads\/2018\/12\/koeberle.jpeg\" class=\"img-responsive\" alt=\"\">\n\t\t<\/div>\n\t\t<div class=\"container\">\n\t\t\t<div class=\"row\">\t\n\t\t\t\t<div class=\"col-md-7 col-md-push-5\">\n\t\t\t\t\t<div class=\"desc\">\n\t\t\t\t\t\t<div class=\"title-block-number\">\n\t\t\t\t\t\t\t<span class=\"big-number\">01<\/span>\t\t\t\t\t\t\t<div class=\"title-service\">\n\t\t\t\t\t\t\t\t<h2 class=\"title-with-sub\">Cartports<\/h2>\n\t\t\t\t\t\t\t\t\t\t\t\t\t\t\t<\/div>\n\t\t\t\t\t\t<\/div>\n\t\t\t\t\t\t<div class=\"exc-serv\"><p>Simples et \u00e9l\u00e9gants, les abris et carport pour voitures et camping-car prot\u00e9geront efficacement vos v\u00e9hicules des intemp\u00e9ries&#8230;<\/p>\n<\/div>\n\t\t\t\t\t\t<a href=\"https:\/\/dupre-toitures.fr\/index.php\/services\/cartports\/\" class=\"ot-btn border-dark mgt-30\">D\u00e9tails<\/a>\n\t\t\t\t\t<\/div>\n\t\t\t\t<\/div>\n\t\t\t<\/div>\n\t\t<\/div>\n\t<\/article>\n\n\t\n    <article class=\"services-post\">\n\t\t<div class=\"col-md-5 col-md-push-7 bg-image bg-image-post\" style=\"background-image: url(https:\/\/dupre-toitures.fr\/wp-content\/uploads\/2018\/10\/zinguerie-eco-construction-et-patrimoine-.jpeg);\">\n\t\t\t<img decoding=\"async\" src=\"https:\/\/dupre-toitures.fr\/wp-content\/uploads\/2018\/10\/zinguerie-eco-construction-et-patrimoine-.jpeg\" class=\"img-responsive\" alt=\"\">\n\t\t<\/div>\n\t\t<div class=\"container\">\n\t\t\t<div class=\"row\">\t\n\t\t\t\t<div class=\"col-md-7 fright\">\n\t\t\t\t\t<div class=\"desc\">\n\t\t\t\t\t\t<div class=\"title-block-number\">\n\t\t\t\t\t\t\t<span class=\"big-number\">02<\/span>\t\t\t\t\t\t\t<div class=\"title-service\">\n\t\t\t\t\t\t\t\t<h2 class=\"title-with-sub\">Zinguerie<\/h2>\n\t\t\t\t\t\t\t\t\t\t\t\t\t\t\t<\/div>\n\t\t\t\t\t\t<\/div>\n\t\t\t\t\t\t<div class=\"exc-serv\"><p>Nous maitrisons les travaux de zinguerie (zinc, cuivre, \u2026). De la couverture en zinc \u00e0 joints debout \u00e0 la pose de bacs acier en toiture&#8230;<\/p>\n<\/div>\n\t\t\t\t\t\t<a href=\"https:\/\/dupre-toitures.fr\/index.php\/services\/renovation\/\" class=\"ot-btn border-dark mgt-30\">D\u00e9tails<\/a>\n\t\t\t\t\t<\/div>\n\t\t\t\t<\/div>\n\t\t\t<\/div>\n\t\t<\/div>\n\t<\/article>\n\n\t\n    <article class=\"services-post\">\n\t\t<div class=\"col-md-5 bg-image bg-image-post\" style=\"background-image: url(https:\/\/dupre-toitures.fr\/wp-content\/uploads\/2018\/10\/faire-poser-tuiles.jpeg);\">\n\t\t\t<img decoding=\"async\" src=\"https:\/\/dupre-toitures.fr\/wp-content\/uploads\/2018\/10\/faire-poser-tuiles.jpeg\" class=\"img-responsive\" alt=\"\">\n\t\t<\/div>\n\t\t<div class=\"container\">\n\t\t\t<div class=\"row\">\t\n\t\t\t\t<div class=\"col-md-7 col-md-push-5\">\n\t\t\t\t\t<div class=\"desc\">\n\t\t\t\t\t\t<div class=\"title-block-number\">\n\t\t\t\t\t\t\t<span class=\"big-number\">03<\/span>\t\t\t\t\t\t\t<div class=\"title-service\">\n\t\t\t\t\t\t\t\t<h2 class=\"title-with-sub\">Couverture<\/h2>\n\t\t\t\t\t\t\t\t\t\t\t\t\t\t\t<\/div>\n\t\t\t\t\t\t<\/div>\n\t\t\t\t\t\t<div class=\"exc-serv\"><p>Le choix du type de couverture est essentiel et participe grandement au caract\u00e8re final de votre structure&#8230;<\/p>\n<\/div>\n\t\t\t\t\t\t<a href=\"https:\/\/dupre-toitures.fr\/index.php\/services\/interior-design\/\" class=\"ot-btn border-dark mgt-30\">D\u00e9tails<\/a>\n\t\t\t\t\t<\/div>\n\t\t\t\t<\/div>\n\t\t\t<\/div>\n\t\t<\/div>\n\t<\/article>\n\n\t\n    <article class=\"services-post\">\n\t\t<div class=\"col-md-5 col-md-push-7 bg-image bg-image-post\" style=\"background-image: url(https:\/\/dupre-toitures.fr\/wp-content\/uploads\/2018\/10\/34756394_763540267183132_2073172046535196672_o.jpeg);\">\n\t\t\t<img decoding=\"async\" src=\"https:\/\/dupre-toitures.fr\/wp-content\/uploads\/2018\/10\/34756394_763540267183132_2073172046535196672_o.jpeg\" class=\"img-responsive\" alt=\"\">\n\t\t<\/div>\n\t\t<div class=\"container\">\n\t\t\t<div class=\"row\">\t\n\t\t\t\t<div class=\"col-md-7 fright\">\n\t\t\t\t\t<div class=\"desc\">\n\t\t\t\t\t\t<div class=\"title-block-number\">\n\t\t\t\t\t\t\t<span class=\"big-number\">04<\/span>\t\t\t\t\t\t\t<div class=\"title-service\">\n\t\t\t\t\t\t\t\t<h2 class=\"title-with-sub\">Charpente<\/h2>\n\t\t\t\t\t\t\t\t\t\t\t\t\t\t\t<\/div>\n\t\t\t\t\t\t<\/div>\n\t\t\t\t\t\t<div class=\"exc-serv\"><p>La charpente traditionnelle est constitu\u00e9e de fermes, de pannes et de chevrons. Cette structure peut couvrir un b\u00e2timent entier ou devenir un compl\u00e9ment de la charpente industrielle.<\/p>\n<\/div>\n\t\t\t\t\t\t<a href=\"https:\/\/dupre-toitures.fr\/index.php\/services\/commercial-architect\/\" class=\"ot-btn border-dark mgt-30\">D\u00e9tails<\/a>\n\t\t\t\t\t<\/div>\n\t\t\t\t<\/div>\n\t\t\t<\/div>\n\t\t<\/div>\n\t<\/article>\n\n\t\n    <article class=\"services-post\">\n\t\t<div class=\"col-md-5 bg-image bg-image-post\" style=\"background-image: url(https:\/\/dupre-toitures.fr\/wp-content\/uploads\/2018\/10\/mac253.jpg);\">\n\t\t\t<img decoding=\"async\" src=\"https:\/\/dupre-toitures.fr\/wp-content\/uploads\/2018\/10\/mac253.jpg\" class=\"img-responsive\" alt=\"\">\n\t\t<\/div>\n\t\t<div class=\"container\">\n\t\t\t<div class=\"row\">\t\n\t\t\t\t<div class=\"col-md-7 col-md-push-5\">\n\t\t\t\t\t<div class=\"desc\">\n\t\t\t\t\t\t<div class=\"title-block-number\">\n\t\t\t\t\t\t\t<span class=\"big-number\">05<\/span>\t\t\t\t\t\t\t<div class=\"title-service\">\n\t\t\t\t\t\t\t\t<h2 class=\"title-with-sub\">Petite Ma\u00e7onnerie<\/h2>\n\t\t\t\t\t\t\t\t\t\t\t\t\t\t\t<\/div>\n\t\t\t\t\t\t<\/div>\n\t\t\t\t\t\t<div class=\"exc-serv\"><p>[vc_row][vc_column width=\u00a0\u00bb1\/3&Prime;][vc_wp_custommenu nav_menu=\u00a0\u00bb33&Prime;][\/vc_column][vc_column width=\u00a0\u00bb1\/3&Prime;][vc_custom_heading text=\u00a0\u00bbPetites Ma\u00e7onneries\u00a0\u00bb font_container=\u00a0\u00bbtag:h3|text_align:left\u00a0\u00bb use_theme_fonts=\u00a0\u00bbyes\u00a0\u00bb][vc_column_text]Nous r\u00e9alisons \u00e9galement les travaux de petite ma\u00e7onnerie en lien avec votre toiture.[\/vc_column_text][\/vc_column][vc_column width=\u00a0\u00bb1\/3&Prime;][vc_single_image image=\u00a0\u00bb1843&Prime; img_size=\u00a0\u00bbfull\u00a0\u00bb][\/vc_column][\/vc_row]<\/p>\n<\/div>\n\t\t\t\t\t\t<a href=\"https:\/\/dupre-toitures.fr\/index.php\/services\/petite-maconnerie\/\" class=\"ot-btn border-dark mgt-30\">D\u00e9tails<\/a>\n\t\t\t\t\t<\/div>\n\t\t\t\t<\/div>\n\t\t\t<\/div>\n\t\t<\/div>\n\t<\/article>\n\n\t\n    <article class=\"services-post\">\n\t\t<div class=\"col-md-5 col-md-push-7 bg-image bg-image-post\" style=\"background-image: url(https:\/\/dupre-toitures.fr\/wp-content\/uploads\/2015\/11\/terrasses.jpg);\">\n\t\t\t<img decoding=\"async\" src=\"https:\/\/dupre-toitures.fr\/wp-content\/uploads\/2015\/11\/terrasses.jpg\" class=\"img-responsive\" alt=\"\">\n\t\t<\/div>\n\t\t<div class=\"container\">\n\t\t\t<div class=\"row\">\t\n\t\t\t\t<div class=\"col-md-7 fright\">\n\t\t\t\t\t<div class=\"desc\">\n\t\t\t\t\t\t<div class=\"title-block-number\">\n\t\t\t\t\t\t\t<span class=\"big-number\">06<\/span>\t\t\t\t\t\t\t<div class=\"title-service\">\n\t\t\t\t\t\t\t\t<h2 class=\"title-with-sub\">Terrasses bois<\/h2>\n\t\t\t\t\t\t\t\t\t\t\t\t\t\t\t<\/div>\n\t\t\t\t\t\t<\/div>\n\t\t\t\t\t\t<div class=\"exc-serv\"><p>Elles repr\u00e9sentent une alternative au carrelage et au b\u00e9ton&#8230;<\/p>\n<\/div>\n\t\t\t\t\t\t<a href=\"https:\/\/dupre-toitures.fr\/index.php\/services\/residential-design\/\" class=\"ot-btn border-dark mgt-30\">D\u00e9tails<\/a>\n\t\t\t\t\t<\/div>\n\t\t\t\t<\/div>\n\t\t\t<\/div>\n\t\t<\/div>\n\t<\/article>\n\n\t  \t\n[\/vc_column][\/vc_row]<\/p>\n","protected":false},"excerpt":{"rendered":"<p>[vc_row fullwidth=\u00a0\u00bbyes\u00a0\u00bb boxed=\u00a0\u00bbtrue\u00a0\u00bb css=\u00a0\u00bb.vc_custom_1479376092689{padding-bottom: 50px !important;}\u00a0\u00bb][vc_column][\/vc_column][\/vc_row]<\/p>\n","protected":false},"author":1,"featured_media":0,"parent":0,"menu_order":0,"comment_status":"closed","ping_status":"closed","template":"page-templates\/template-fullwidth.php","meta":{"_exactmetrics_skip_tracking":false,"_exactmetrics_sitenote_active":false,"_exactmetrics_sitenote_note":"","_exactmetrics_sitenote_category":0,"footnotes":""},"class_list":["post-1375","page","type-page","status-publish","hentry"],"_links":{"self":[{"href":"https:\/\/dupre-toitures.fr\/index.php\/wp-json\/wp\/v2\/pages\/1375"}],"collection":[{"href":"https:\/\/dupre-toitures.fr\/index.php\/wp-json\/wp\/v2\/pages"}],"about":[{"href":"https:\/\/dupre-toitures.fr\/index.php\/wp-json\/wp\/v2\/types\/page"}],"author":[{"embeddable":true,"href":"https:\/\/dupre-toitures.fr\/index.php\/wp-json\/wp\/v2\/users\/1"}],"replies":[{"embeddable":true,"href":"https:\/\/dupre-toitures.fr\/index.php\/wp-json\/wp\/v2\/comments?post=1375"}],"version-history":[{"count":8,"href":"https:\/\/dupre-toitures.fr\/index.php\/wp-json\/wp\/v2\/pages\/1375\/revisions"}],"predecessor-version":[{"id":1930,"href":"https:\/\/dupre-toitures.fr\/index.php\/wp-json\/wp\/v2\/pages\/1375\/revisions\/1930"}],"wp:attachment":[{"href":"https:\/\/dupre-toitures.fr\/index.php\/wp-json\/wp\/v2\/media?parent=1375"}],"curies":[{"name":"wp","href":"https:\/\/api.w.org\/{rel}","templated":true}]}}