{"id":1302,"date":"2016-11-16T08:00:45","date_gmt":"2016-11-16T08:00:45","guid":{"rendered":"http:\/\/localhost\/donald\/?page_id=1302"},"modified":"2019-02-05T11:19:18","modified_gmt":"2019-02-05T10:19:18","slug":"about-us","status":"publish","type":"page","link":"https:\/\/dupre-toitures.fr\/index.php\/about-us\/","title":{"rendered":"Qui sommes nous ?"},"content":{"rendered":"<p>[vc_row css=\u00a0\u00bb.vc_custom_1479284301730{padding-bottom: 0px !important;}\u00a0\u00bb][vc_column css_animation=\u00a0\u00bbnone\u00a0\u00bb width=\u00a0\u00bb1\/3&Prime; el_class=\u00a0\u00bbalign-right\u00a0\u00bb][vc_column_text css=\u00a0\u00bb.vc_custom_1546963141905{margin-bottom: 20px !important;padding-left: 20px !important;}\u00a0\u00bb]<\/p>\n<h3>PRESENTATION<\/h3>\n<p><span class=\"sub-title color-theme\">Notre entreprise<br \/>\n<\/span>[\/vc_column_text][\/vc_column][vc_column width=\u00a0\u00bb2\/3&Prime; offset=\u00a0\u00bbvc_col-md-5&Prime;][vc_column_text css=\u00a0\u00bb.vc_custom_1546963180425{margin-top: -5px !important;padding-left: 20px !important;}\u00a0\u00bb]Dupr\u00e9 toitures c&rsquo;est avant tout des professionnels \u00e0 votre service pour tous vos travaux de charpente, de couverture et de zinguerie.<\/p>\n<p>Particulier et professionnels Dupr\u00e9 toiture peut vous \u00e9tablir un devis gratuit.<\/p>\n<p>Vous avez un projet ? Besoin d&rsquo;un conseil ?<\/p>\n<p>N&rsquo;h\u00e9sitez plus ![\/vc_column_text][\/vc_column][vc_column width=\u00a0\u00bb1\/4&Prime;][vc_single_image image=\u00a0\u00bb1898&Prime; img_size=\u00a0\u00bbfull\u00a0\u00bb][\/vc_column][\/vc_row][vc_row line=\u00a0\u00bbright\u00a0\u00bb css=\u00a0\u00bb.vc_custom_1479288625546{padding-bottom: 0px !important;}\u00a0\u00bb][vc_column][vc_custom_heading text=\u00a0\u00bbNos prestations\u00a0\u00bb use_theme_fonts=\u00a0\u00bbyes\u00a0\u00bb][vc_tta_tour active_section=\u00a0\u00bb1&Prime; el_class=\u00a0\u00bbot-tabs\u00a0\u00bb css=\u00a0\u00bb.vc_custom_1479287792707{margin-top: 60px !important;}\u00a0\u00bb][vc_tta_section title=\u00a0\u00bbCHARPENTE\u00a0\u00bb tab_id=\u00a0\u00bb1479285992650-14ce9708-6d85&Prime;][vc_single_image image=\u00a0\u00bb1726&Prime; img_size=\u00a0\u00bbfull\u00a0\u00bb css=\u00a0\u00bb.vc_custom_1480058050146{margin-bottom: 30px !important;}\u00a0\u00bb][vc_column_text]<\/p>\n<h3>Charpentes<\/h3>\n<p>[\/vc_column_text][\/vc_tta_section][vc_tta_section title=\u00a0\u00bbCOUVERTURE\u00a0\u00bb tab_id=\u00a0\u00bb1479285992691-81ad7c51-7ea3&Prime;][vc_single_image image=\u00a0\u00bb1989&Prime; img_size=\u00a0\u00bbfull\u00a0\u00bb css=\u00a0\u00bb.vc_custom_1546981129570{margin-bottom: 30px !important;}\u00a0\u00bb][vc_column_text]<\/p>\n<h3>Le choix de votre couverture<\/h3>\n<p>[\/vc_column_text][\/vc_tta_section][vc_tta_section title=\u00a0\u00bbZINGUERIE\u00a0\u00bb tab_id=\u00a0\u00bb1479286255822-73d31525-f424&Prime;][vc_single_image image=\u00a0\u00bb1727&Prime; img_size=\u00a0\u00bbfull\u00a0\u00bb css=\u00a0\u00bb.vc_custom_1480058288054{margin-bottom: 30px !important;}\u00a0\u00bb][vc_column_text]<\/p>\n<h3>Votre zinguerie<\/h3>\n<p>[\/vc_column_text][\/vc_tta_section][vc_tta_section title=\u00a0\u00bbPETITES MA\u00c7ONNERIES\u00a0\u00bb tab_id=\u00a0\u00bb1540371966984-9be98cca-91fd\u00a0\u00bb][vc_single_image image=\u00a0\u00bb1859&Prime; img_size=\u00a0\u00bbfull\u00a0\u00bb][vc_column_text]<\/p>\n<div class=\"wpb_text_column wpb_content_element \">\n<div class=\"wpb_wrapper\">\n<h3>Petites Ma\u00e7onneries<\/h3>\n<\/div>\n<\/div>\n<p>[\/vc_column_text][\/vc_tta_section][vc_tta_section title=\u00a0\u00bbTERRASSES\u00a0\u00bb tab_id=\u00a0\u00bb1540377173564-98c82982-9c6b\u00a0\u00bb][vc_single_image image=\u00a0\u00bb1994&Prime; img_size=\u00a0\u00bbfull\u00a0\u00bb][vc_column_text]<\/p>\n<div class=\"wpb_text_column wpb_content_element \">\n<div class=\"wpb_wrapper\">\n<h3>Terrasses bois<\/h3>\n<\/div>\n<\/div>\n<p>[\/vc_column_text][\/vc_tta_section][vc_tta_section title=\u00a0\u00bbCARPORTS\u00a0\u00bb tab_id=\u00a0\u00bb1545233907379-f6a99a1c-0a5f\u00a0\u00bb][vc_single_image image=\u00a0\u00bb1961&Prime; img_size=\u00a0\u00bbfull\u00a0\u00bb][vc_column_text]<\/p>\n<h3>Carports<\/h3>\n<p>[\/vc_column_text][\/vc_tta_section][\/vc_tta_tour][\/vc_column][\/vc_row][vc_row line=\u00a0\u00bbright\u00a0\u00bb css=\u00a0\u00bb.vc_custom_1479288619436{padding-bottom: 140px !important;}\u00a0\u00bb][vc_column][vc_custom_heading text=\u00a0\u00bbNous contacter\u00a0\u00bb use_theme_fonts=\u00a0\u00bbyes\u00a0\u00bb]\n<div class=\"wpcf7 no-js\" id=\"wpcf7-f1294-o1\" lang=\"en-US\" dir=\"ltr\" data-wpcf7-id=\"1294\">\n<div class=\"screen-reader-response\"><p role=\"status\" aria-live=\"polite\" aria-atomic=\"true\"><\/p> <ul><\/ul><\/div>\n<form action=\"\/index.php\/wp-json\/wp\/v2\/pages\/1302#wpcf7-f1294-o1\" method=\"post\" class=\"wpcf7-form init\" aria-label=\"Contact form\" novalidate=\"novalidate\" data-status=\"init\">\n<div style=\"display: none;\">\n<input type=\"hidden\" name=\"_wpcf7\" value=\"1294\" \/>\n<input type=\"hidden\" name=\"_wpcf7_version\" value=\"6.0.3\" \/>\n<input type=\"hidden\" name=\"_wpcf7_locale\" value=\"en_US\" \/>\n<input type=\"hidden\" name=\"_wpcf7_unit_tag\" value=\"wpcf7-f1294-o1\" \/>\n<input type=\"hidden\" name=\"_wpcf7_container_post\" value=\"0\" \/>\n<input type=\"hidden\" name=\"_wpcf7_posted_data_hash\" value=\"\" \/>\n<\/div>\n<div class=\"row\">\n\t<div class=\"col-md-4 col-sm-6\">\n\t\t<p><span class=\"wpcf7-form-control-wrap\" data-name=\"your-name\"><input size=\"40\" maxlength=\"400\" class=\"wpcf7-form-control wpcf7-text wpcf7-validates-as-required contact-input\" aria-required=\"true\" aria-invalid=\"false\" placeholder=\"Nom\" value=\"\" type=\"text\" name=\"your-name\" \/><\/span><br \/>\n<span class=\"wpcf7-form-control-wrap\" data-name=\"your-phone\"><input size=\"40\" maxlength=\"400\" class=\"wpcf7-form-control wpcf7-text contact-input\" aria-invalid=\"false\" placeholder=\"N\u00b0 de T\u00e9l\u00e9phone\" value=\"\" type=\"text\" name=\"your-phone\" \/><\/span>\n\t\t<\/p>\n\t<\/div>\n\t<div class=\"col-md-4 col-sm-6\">\n\t\t<p><span class=\"wpcf7-form-control-wrap\" data-name=\"your-email\"><input size=\"40\" maxlength=\"400\" class=\"wpcf7-form-control wpcf7-email wpcf7-validates-as-required wpcf7-text wpcf7-validates-as-email contact-input\" aria-required=\"true\" aria-invalid=\"false\" placeholder=\"E-Mail\" value=\"\" type=\"email\" name=\"your-email\" \/><\/span><br \/>\n<span class=\"wpcf7-form-control-wrap\" data-name=\"your-subject\"><input size=\"40\" maxlength=\"400\" class=\"wpcf7-form-control wpcf7-text contact-input\" aria-invalid=\"false\" placeholder=\"Sujet\" value=\"\" type=\"text\" name=\"your-subject\" \/><\/span>\n\t\t<\/p>\n\t<\/div>\n\t<div class=\"col-md-4 col-sm-6\">\n\t\t<p><span class=\"wpcf7-form-control-wrap\" data-name=\"your-message\"><textarea cols=\"40\" rows=\"3\" maxlength=\"2000\" class=\"wpcf7-form-control wpcf7-textarea wpcf7-validates-as-required textarea-contact\" aria-required=\"true\" aria-invalid=\"false\" placeholder=\"Message\" name=\"your-message\"><\/textarea><\/span>\n\t\t<\/p>\n\t<\/div>\n\t<p><span id=\"wpcf7-69f26fe6c30c0-wrapper\" class=\"wpcf7-form-control-wrap honeypot-419-wrap\" style=\"display:none !important; visibility:hidden !important;\"><label for=\"wpcf7-69f26fe6c30c0-field\" class=\"hp-message\">Please leave this field empty.<\/label><input id=\"wpcf7-69f26fe6c30c0-field\"  class=\"wpcf7-form-control wpcf7-text\" type=\"text\" name=\"honeypot-419\" value=\"\" size=\"40\" tabindex=\"-1\" autocomplete=\"off\" \/><\/span>\n\t<\/p>\n\t<div class=\"clearfix\">\n\t<\/div>\n\t<div class=\"col-md-12 col-sm-12\">\n\t\t<p><span class=\"wpcf7-form-control-wrap kc_captcha\" data-name=\"kc_captcha\"><span class=\"wpcf7-form-control wpcf7-radio\"><span class=\"captcha-image\" ><span class=\"cf7ic_instructions\">Please prove you are human by selecting the<span> house<\/span>.<\/span><label><input aria-label=\"1\" type=\"radio\" name=\"kc_captcha\" value=\"kc_human\" \/><svg aria-hidden=\"true\" role=\"img\" xmlns=\"http:\/\/www.w3.org\/2000\/svg\" viewBox=\"0 0 576 512\"><path fill=\"currentColor\" d=\"M488 313v143c0 13-11 24-24 24H348c-7 0-12-5-12-12V356c0-7-5-12-12-12h-72c-7 0-12 5-12 12v112c0 7-5 12-12 12H112c-13 0-24-11-24-24V313c0-4 2-7 4-10l188-154c5-4 11-4 16 0l188 154c2 3 4 6 4 10zm84-61l-84-69V44c0-6-5-12-12-12h-56c-7 0-12 6-12 12v73l-89-74a48 48 0 00-61 0L4 252c-5 4-5 12-1 17l25 31c5 5 12 5 17 1l235-193c5-4 11-4 16 0l235 193c5 5 13 4 17-1l25-31c4-6 4-13-1-17z\"\/><\/svg><\/label><label><input aria-label=\"2\" type=\"radio\" name=\"kc_captcha\" value=\"bot\" \/><svg aria-hidden=\"true\" role=\"img\" xmlns=\"http:\/\/www.w3.org\/2000\/svg\" viewBox=\"0 0 512 512\"><path fill=\"currentColor\" d=\"M350 99c-54 0-98-35-166-35-25 0-47 4-68 12a56 56 0 004-24C118 24 95 1 66 0a56 56 0 00-34 102v386c0 13 11 24 24 24h16c13 0 24-11 24-24v-94c28-12 64-23 114-23 54 0 98 35 166 35 48 0 86-16 122-41 9-6 14-15 14-26V96c0-23-24-39-45-29-35 16-77 32-117 32z\"\/><\/svg><\/label><label><input aria-label=\"3\" type=\"radio\" name=\"kc_captcha\" value=\"bot\" \/><svg aria-hidden=\"true\" role=\"img\" xmlns=\"http:\/\/www.w3.org\/2000\/svg\" viewBox=\"0 0 512 512\"><path fill=\"currentColor\" d=\"M512 176a176 176 0 01-209 173l-24 27a24 24 0 01-18 8h-37v40c0 13-11 24-24 24h-40v40c0 13-11 24-24 24H24c-13 0-24-11-24-24v-78c0-6 3-13 7-17l162-162a176 176 0 11343-55zm-176-48a48 48 0 1096 0 48 48 0 00-96 0z\"\/><\/svg><\/label>\r\n    <\/span>\r\n    <span style=\"display:none\">\r\n        <input type=\"text\" name=\"kc_honeypot\">\r\n    <\/span><\/span><\/span>\n\t\t<\/p>\n\t<\/div>\n\t<div class=\"clearfix\">\n\t<\/div>\n\t<div class=\"col-md-4 \">\n\t\t<p><button type=\"submit\" class=\"ot-btn border-dark btn-contact\">Envoyer le Message<\/button>\n\t\t<\/p>\n\t<\/div>\n<\/div><p style=\"display: none !important;\" class=\"akismet-fields-container\" data-prefix=\"_wpcf7_ak_\"><label>&#916;<textarea name=\"_wpcf7_ak_hp_textarea\" cols=\"45\" rows=\"8\" maxlength=\"100\"><\/textarea><\/label><input type=\"hidden\" id=\"ak_js_1\" name=\"_wpcf7_ak_js\" value=\"227\"\/><script>document.getElementById( \"ak_js_1\" ).setAttribute( \"value\", ( new Date() ).getTime() );<\/script><\/p><div class=\"wpcf7-response-output\" aria-hidden=\"true\"><\/div>\n<\/form>\n<\/div>\n[\/vc_column][\/vc_row]<\/p>\n","protected":false},"excerpt":{"rendered":"<p>[vc_row css=\u00a0\u00bb.vc_custom_1479284301730{padding-bottom: 0px !important;}\u00a0\u00bb][vc_column css_animation=\u00a0\u00bbnone\u00a0\u00bb width=\u00a0\u00bb1\/3&Prime; el_class=\u00a0\u00bbalign-right\u00a0\u00bb][vc_column_text css=\u00a0\u00bb.vc_custom_1546963141905{margin-bottom: 20px !important;padding-left: 20px !important;}\u00a0\u00bb] PRESENTATION Notre entreprise [\/vc_column_text][\/vc_column][vc_column width=\u00a0\u00bb2\/3&Prime; offset=\u00a0\u00bbvc_col-md-5&Prime;][vc_column_text css=\u00a0\u00bb.vc_custom_1546963180425{margin-top: -5px !important;padding-left: 20px !important;}\u00a0\u00bb]Dupr\u00e9 toitures c&rsquo;est avant tout des professionnels \u00e0 votre service pour tous vos travaux de charpente, de couverture et de zinguerie. Particulier et professionnels Dupr\u00e9 toiture peut vous \u00e9tablir un devis gratuit. Vous [&hellip;]<\/p>\n","protected":false},"author":1,"featured_media":1855,"parent":0,"menu_order":0,"comment_status":"closed","ping_status":"closed","template":"page-templates\/template-fullwidth.php","meta":{"_exactmetrics_skip_tracking":false,"_exactmetrics_sitenote_active":false,"_exactmetrics_sitenote_note":"","_exactmetrics_sitenote_category":0,"footnotes":""},"class_list":["post-1302","page","type-page","status-publish","has-post-thumbnail","hentry"],"_links":{"self":[{"href":"https:\/\/dupre-toitures.fr\/index.php\/wp-json\/wp\/v2\/pages\/1302"}],"collection":[{"href":"https:\/\/dupre-toitures.fr\/index.php\/wp-json\/wp\/v2\/pages"}],"about":[{"href":"https:\/\/dupre-toitures.fr\/index.php\/wp-json\/wp\/v2\/types\/page"}],"author":[{"embeddable":true,"href":"https:\/\/dupre-toitures.fr\/index.php\/wp-json\/wp\/v2\/users\/1"}],"replies":[{"embeddable":true,"href":"https:\/\/dupre-toitures.fr\/index.php\/wp-json\/wp\/v2\/comments?post=1302"}],"version-history":[{"count":20,"href":"https:\/\/dupre-toitures.fr\/index.php\/wp-json\/wp\/v2\/pages\/1302\/revisions"}],"predecessor-version":[{"id":1995,"href":"https:\/\/dupre-toitures.fr\/index.php\/wp-json\/wp\/v2\/pages\/1302\/revisions\/1995"}],"wp:featuredmedia":[{"embeddable":true,"href":"https:\/\/dupre-toitures.fr\/index.php\/wp-json\/wp\/v2\/media\/1855"}],"wp:attachment":[{"href":"https:\/\/dupre-toitures.fr\/index.php\/wp-json\/wp\/v2\/media?parent=1302"}],"curies":[{"name":"wp","href":"https:\/\/api.w.org\/{rel}","templated":true}]}}